{"id":66,"date":"2020-04-16T15:01:58","date_gmt":"2020-04-16T15:01:58","guid":{"rendered":"http:\/\/www.crmcentrosmedicos.es\/?page_id=66"},"modified":"2024-10-15T15:32:31","modified_gmt":"2024-10-15T15:32:31","slug":"descargas","status":"publish","type":"page","link":"https:\/\/www.crmcentrosmedicos.es\/index.php\/descargas\/","title":{"rendered":"Descargas"},"content":{"rendered":"\n<p><strong>Programa<\/strong><\/p>\n\n\n\n<p>Ll\u00e1menos o envie un correo electr\u00f3nico a contacto@crmcentrosmedicos.es y activaremos su periodo de demostraci\u00f3n de manera totalmente gratu\u00edta.<\/p>\n\n\n\n<p><strong>Informaci\u00f3n del programa<\/strong><\/p>\n\n\n\n<p>Puede descargar la informaci\u00f3n relativa al <strong>AN\u00c1LISIS DEL CENTRO<\/strong> hacienco click <a href=\"http:\/\/www.crmcentrosmedicos.es\/wp-content\/uploads\/2020\/05\/AN\u00c1LISIS-DEL-CENTRO.pdf\">AQU\u00cd<\/a><\/p>\n\n\n\n<p>Puede descargar la informaci\u00f3n relativa a <strong>RETENCI\u00d3N DE CLIENTES<\/strong> hacienco click <a href=\"http:\/\/www.crmcentrosmedicos.es\/wp-content\/uploads\/2020\/05\/RETENCI\u00d3N-DE-CLIENTES.pdf\">AQU\u00cd<\/a><\/p>\n\n\n\n<p><\/p>\n\n\n\n<p><strong>Manual de usuario<\/strong><\/p>\n\n\n\n<p>Si lo desea, puede descargar el <strong>MANUAL DE USUARIO<\/strong> haciendo click <a href=\"http:\/\/www.crmcentrosmedicos.es\/wp-content\/uploads\/2020\/04\/Ayuda_Centrolizer.pdf\">AQU\u00cd<\/a>.<\/p>\n\n\n\n<p><strong>Asistencia remota<\/strong><\/p>\n\n\n\n<p>Puede descargar el programa de <strong>ASISTENCIA REMOTA<\/strong> haciendo click <a href=\"https:\/\/download.anydesk.com\/AnyDesk.exe\">AQU\u00cd<\/a>.<\/p>\n","protected":false},"excerpt":{"rendered":"<p>Programa Ll\u00e1menos o envie un correo electr\u00f3nico a contacto@crmcentrosmedicos.es y activaremos su periodo de demostraci\u00f3n de manera totalmente gratu\u00edta. Informaci\u00f3n del programa Puede descargar la informaci\u00f3n relativa al AN\u00c1LISIS DEL CENTRO hacienco click AQU\u00cd Puede descargar la informaci\u00f3n relativa a RETENCI\u00d3N DE CLIENTES hacienco click AQU\u00cd Manual de usuario Si lo desea, puede descargar el &hellip; <\/p>\n<p class=\"link-more\"><a href=\"https:\/\/www.crmcentrosmedicos.es\/index.php\/descargas\/\" class=\"more-link\">Continue reading<span class=\"screen-reader-text\"> &#8220;Descargas&#8221;<\/span><\/a><\/p>\n","protected":false},"author":1,"featured_media":0,"parent":0,"menu_order":0,"comment_status":"closed","ping_status":"closed","template":"","meta":{"footnotes":""},"class_list":["post-66","page","type-page","status-publish","hentry"],"_links":{"self":[{"href":"https:\/\/www.crmcentrosmedicos.es\/index.php\/wp-json\/wp\/v2\/pages\/66","targetHints":{"allow":["GET"]}}],"collection":[{"href":"https:\/\/www.crmcentrosmedicos.es\/index.php\/wp-json\/wp\/v2\/pages"}],"about":[{"href":"https:\/\/www.crmcentrosmedicos.es\/index.php\/wp-json\/wp\/v2\/types\/page"}],"author":[{"embeddable":true,"href":"https:\/\/www.crmcentrosmedicos.es\/index.php\/wp-json\/wp\/v2\/users\/1"}],"replies":[{"embeddable":true,"href":"https:\/\/www.crmcentrosmedicos.es\/index.php\/wp-json\/wp\/v2\/comments?post=66"}],"version-history":[{"count":12,"href":"https:\/\/www.crmcentrosmedicos.es\/index.php\/wp-json\/wp\/v2\/pages\/66\/revisions"}],"predecessor-version":[{"id":150,"href":"https:\/\/www.crmcentrosmedicos.es\/index.php\/wp-json\/wp\/v2\/pages\/66\/revisions\/150"}],"wp:attachment":[{"href":"https:\/\/www.crmcentrosmedicos.es\/index.php\/wp-json\/wp\/v2\/media?parent=66"}],"curies":[{"name":"wp","href":"https:\/\/api.w.org\/{rel}","templated":true}]}}