{"id":51,"date":"2020-04-16T14:11:58","date_gmt":"2020-04-16T14:11:58","guid":{"rendered":"http:\/\/www.crmcentrosmedicos.es\/?page_id=51"},"modified":"2024-10-15T15:16:51","modified_gmt":"2024-10-15T15:16:51","slug":"retencion-de-clientes","status":"publish","type":"page","link":"https:\/\/www.crmcentrosmedicos.es\/index.php\/retencion-de-clientes\/","title":{"rendered":"RETENCI\u00d3N DE CLIENTES"},"content":{"rendered":"\n<p>CENTROLYZER a su vez dispone de una interfaz intuitiva con funciones avanzadas que le ayudar\u00e1n en la retenci\u00f3n de su clientela:<\/p>\n\n\n\n<figure class=\"wp-block-image size-large\"><img loading=\"lazy\" decoding=\"async\" width=\"1024\" height=\"118\" src=\"https:\/\/www.crmcentrosmedicos.es\/wp-content\/uploads\/2020\/04\/interfaz-1-1024x118.png\" alt=\"\" class=\"wp-image-88\" srcset=\"https:\/\/www.crmcentrosmedicos.es\/wp-content\/uploads\/2020\/04\/interfaz-1-1024x118.png 1024w, https:\/\/www.crmcentrosmedicos.es\/wp-content\/uploads\/2020\/04\/interfaz-1-300x35.png 300w, https:\/\/www.crmcentrosmedicos.es\/wp-content\/uploads\/2020\/04\/interfaz-1-768x89.png 768w, https:\/\/www.crmcentrosmedicos.es\/wp-content\/uploads\/2020\/04\/interfaz-1.png 1275w\" sizes=\"auto, (max-width: 767px) 89vw, (max-width: 1000px) 54vw, (max-width: 1071px) 543px, 580px\" \/><\/figure>\n\n\n\n<ul class=\"wp-block-list\"><li>Env\u00edo de Whatsapps personalizados y\/o predeterminados.<\/li><li>Env\u00edo de Whatsapps en serie.<\/li><li>Integraci\u00f3n con Whatsapp Web para chatear en tiempo real con los clientes.<\/li><li>Exportaci\u00f3n de listados a Excel.<\/li><li>Env\u00edo de correos electr\u00f3nicos personalizados y\/o predeterminados.<\/li><li>Generaci\u00f3n de estados personalizados para controlar el flujo\/estado de la comunicaci\u00f3n con cada cliente.<\/li><li>Consulta del estado de tramitaci\u00f3n del carnet<\/li><li>Generaci\u00f3n e impresi\u00f3n de cartas personalizadas.<\/li><li>Posibilidad de a\u00f1adir comentarios personalizados a cada cliente para un mejor seguimiento del estado de su futura renovaci\u00f3n.<\/li><li>Generaci\u00f3n de listados de clientes con certificados con fecha de caducidad dentro de un periodo de su elecci\u00f3n.<\/li><li>Listado de clientes con certificados con fecha de caducidad en los pr\u00f3ximos 7 d\u00edas.<\/li><li>Gesti\u00f3n de usuarios para limitar el acceso al personal a las funciones del programa deseadas.<\/li><li>Generaci\u00f3n de listados de clientes con certificados caducados dentro del periodo deseado.<\/li><\/ul>\n\n\n\n<p><\/p>\n","protected":false},"excerpt":{"rendered":"<p>CENTROLYZER a su vez dispone de una interfaz intuitiva con funciones avanzadas que le ayudar\u00e1n en la retenci\u00f3n de su clientela: Env\u00edo de Whatsapps personalizados y\/o predeterminados. Env\u00edo de Whatsapps en serie. Integraci\u00f3n con Whatsapp Web para chatear en tiempo real con los clientes. Exportaci\u00f3n de listados a Excel. Env\u00edo de correos electr\u00f3nicos personalizados y\/o &hellip; <\/p>\n<p class=\"link-more\"><a href=\"https:\/\/www.crmcentrosmedicos.es\/index.php\/retencion-de-clientes\/\" class=\"more-link\">Continue reading<span class=\"screen-reader-text\"> &#8220;RETENCI\u00d3N DE CLIENTES&#8221;<\/span><\/a><\/p>\n","protected":false},"author":1,"featured_media":0,"parent":0,"menu_order":0,"comment_status":"closed","ping_status":"open","template":"","meta":{"footnotes":""},"class_list":["post-51","page","type-page","status-publish","hentry"],"_links":{"self":[{"href":"https:\/\/www.crmcentrosmedicos.es\/index.php\/wp-json\/wp\/v2\/pages\/51","targetHints":{"allow":["GET"]}}],"collection":[{"href":"https:\/\/www.crmcentrosmedicos.es\/index.php\/wp-json\/wp\/v2\/pages"}],"about":[{"href":"https:\/\/www.crmcentrosmedicos.es\/index.php\/wp-json\/wp\/v2\/types\/page"}],"author":[{"embeddable":true,"href":"https:\/\/www.crmcentrosmedicos.es\/index.php\/wp-json\/wp\/v2\/users\/1"}],"replies":[{"embeddable":true,"href":"https:\/\/www.crmcentrosmedicos.es\/index.php\/wp-json\/wp\/v2\/comments?post=51"}],"version-history":[{"count":4,"href":"https:\/\/www.crmcentrosmedicos.es\/index.php\/wp-json\/wp\/v2\/pages\/51\/revisions"}],"predecessor-version":[{"id":149,"href":"https:\/\/www.crmcentrosmedicos.es\/index.php\/wp-json\/wp\/v2\/pages\/51\/revisions\/149"}],"wp:attachment":[{"href":"https:\/\/www.crmcentrosmedicos.es\/index.php\/wp-json\/wp\/v2\/media?parent=51"}],"curies":[{"name":"wp","href":"https:\/\/api.w.org\/{rel}","templated":true}]}}