{"id":38,"date":"2020-04-16T11:48:52","date_gmt":"2020-04-16T11:48:52","guid":{"rendered":"http:\/\/www.crmcentrosmedicos.es\/?page_id=38"},"modified":"2020-04-17T10:34:44","modified_gmt":"2020-04-17T10:34:44","slug":"analisis-del-centro","status":"publish","type":"page","link":"https:\/\/www.crmcentrosmedicos.es\/index.php\/analisis-del-centro\/","title":{"rendered":"AN\u00c1LISIS DEL CENTRO"},"content":{"rendered":"\n<p class=\"has-text-align-left\">CENTROLYZER le permite extraer toda la informaci\u00f3n relevante de su base de datos y obtener un an\u00e1lisis detallado  de su centro tanto del a\u00f1o en curso como de los 5 anteriores, poniendo a su disposici\u00f3n una informaci\u00f3n muy valiosa que le ayudar\u00e1 en la toma de decisiones operativas, t\u00e1cticas y estrat\u00e9gicas de su centro de reconocimiento de conductores.<\/p>\n\n\n\n<p>Para el a\u00f1o en curso, CENTROLYZER adem\u00e1s le ofrece la posibilidad de disponer de un resumen de los datos a nivel diario, semanal, mensual y anual.<\/p>\n\n\n\n<p>CENTROLYZER le permite conocer:<\/p>\n\n\n\n<div class=\"wp-block-columns is-layout-flex wp-container-core-columns-is-layout-9d6595d7 wp-block-columns-is-layout-flex\">\n<div class=\"wp-block-column is-layout-flow wp-block-column-is-layout-flow\">\n<p>Numero de clientes anual dividido en renovaciones y expediciones<\/p>\n<\/div>\n\n\n\n<div class=\"wp-block-column is-layout-flow wp-block-column-is-layout-flow\">\n<figure class=\"wp-block-image size-large\"><img loading=\"lazy\" decoding=\"async\" width=\"508\" height=\"284\" src=\"https:\/\/www.crmcentrosmedicos.es\/wp-content\/uploads\/2020\/04\/numeroclientes.png\" alt=\"\" class=\"wp-image-86\" srcset=\"https:\/\/www.crmcentrosmedicos.es\/wp-content\/uploads\/2020\/04\/numeroclientes.png 508w, https:\/\/www.crmcentrosmedicos.es\/wp-content\/uploads\/2020\/04\/numeroclientes-300x168.png 300w\" sizes=\"auto, (max-width: 508px) 100vw, 508px\" \/><\/figure>\n<\/div>\n<\/div>\n\n\n\n<div class=\"wp-block-columns is-layout-flex wp-container-core-columns-is-layout-9d6595d7 wp-block-columns-is-layout-flex\">\n<div class=\"wp-block-column is-layout-flow wp-block-column-is-layout-flow\">\n<p>Numero de clientes del a\u00f1o divididos en clientes nuevos y fidelizados<\/p>\n<\/div>\n\n\n\n<div class=\"wp-block-column is-vertically-aligned-center is-layout-flow wp-block-column-is-layout-flow\">\n<figure class=\"wp-block-image size-large\"><img loading=\"lazy\" decoding=\"async\" width=\"506\" height=\"286\" src=\"http:\/\/www.crmcentrosmedicos.es\/wp-content\/uploads\/2020\/04\/nuevos-fidelizados.png\" alt=\"\" class=\"wp-image-71\" srcset=\"https:\/\/www.crmcentrosmedicos.es\/wp-content\/uploads\/2020\/04\/nuevos-fidelizados.png 506w, https:\/\/www.crmcentrosmedicos.es\/wp-content\/uploads\/2020\/04\/nuevos-fidelizados-300x170.png 300w\" sizes=\"auto, (max-width: 506px) 100vw, 506px\" \/><\/figure>\n<\/div>\n<\/div>\n\n\n\n<div class=\"wp-block-columns is-layout-flex wp-container-core-columns-is-layout-9d6595d7 wp-block-columns-is-layout-flex\">\n<div class=\"wp-block-column is-layout-flow wp-block-column-is-layout-flow\">\n<p>Nuevos clientes divididos en renovaciones y expediciones<\/p>\n<\/div>\n\n\n\n<div class=\"wp-block-column is-layout-flow wp-block-column-is-layout-flow\">\n<figure class=\"wp-block-image size-large\"><img loading=\"lazy\" decoding=\"async\" width=\"507\" height=\"279\" src=\"http:\/\/www.crmcentrosmedicos.es\/wp-content\/uploads\/2020\/04\/clientes-nuevos.png\" alt=\"\" class=\"wp-image-72\" srcset=\"https:\/\/www.crmcentrosmedicos.es\/wp-content\/uploads\/2020\/04\/clientes-nuevos.png 507w, https:\/\/www.crmcentrosmedicos.es\/wp-content\/uploads\/2020\/04\/clientes-nuevos-300x165.png 300w\" sizes=\"auto, (max-width: 507px) 100vw, 507px\" \/><\/figure>\n<\/div>\n<\/div>\n\n\n\n<div class=\"wp-block-columns is-layout-flex wp-container-core-columns-is-layout-9d6595d7 wp-block-columns-is-layout-flex\">\n<div class=\"wp-block-column is-layout-flow wp-block-column-is-layout-flow\">\n<p>Fidelizaci\u00f3n potencial: Clientes fidelizados vs clientes perdidos<\/p>\n<\/div>\n\n\n\n<div class=\"wp-block-column is-layout-flow wp-block-column-is-layout-flow\">\n<figure class=\"wp-block-image size-large\"><img loading=\"lazy\" decoding=\"async\" width=\"506\" height=\"282\" src=\"http:\/\/www.crmcentrosmedicos.es\/wp-content\/uploads\/2020\/04\/fidelizacion-potencial.png\" alt=\"\" class=\"wp-image-73\" srcset=\"https:\/\/www.crmcentrosmedicos.es\/wp-content\/uploads\/2020\/04\/fidelizacion-potencial.png 506w, https:\/\/www.crmcentrosmedicos.es\/wp-content\/uploads\/2020\/04\/fidelizacion-potencial-300x167.png 300w\" sizes=\"auto, (max-width: 506px) 100vw, 506px\" \/><\/figure>\n<\/div>\n<\/div>\n\n\n\n<div class=\"wp-block-columns is-layout-flex wp-container-core-columns-is-layout-9d6595d7 wp-block-columns-is-layout-flex\">\n<div class=\"wp-block-column is-layout-flow wp-block-column-is-layout-flow\">\n<p>D\u00edas de adelanto o retraso en la renovaci\u00f3n de los permisos de los clientes fidelizados<\/p>\n<\/div>\n\n\n\n<div class=\"wp-block-column is-layout-flow wp-block-column-is-layout-flow\">\n<figure class=\"wp-block-image size-large\"><img loading=\"lazy\" decoding=\"async\" width=\"501\" height=\"565\" src=\"http:\/\/www.crmcentrosmedicos.es\/wp-content\/uploads\/2020\/04\/adelantoretrasorenovacion.png\" alt=\"\" class=\"wp-image-74\" srcset=\"https:\/\/www.crmcentrosmedicos.es\/wp-content\/uploads\/2020\/04\/adelantoretrasorenovacion.png 501w, https:\/\/www.crmcentrosmedicos.es\/wp-content\/uploads\/2020\/04\/adelantoretrasorenovacion-266x300.png 266w\" sizes=\"auto, (max-width: 501px) 100vw, 501px\" \/><\/figure>\n<\/div>\n<\/div>\n\n\n\n<div class=\"wp-block-columns is-layout-flex wp-container-core-columns-is-layout-9d6595d7 wp-block-columns-is-layout-flex\">\n<div class=\"wp-block-column is-layout-flow wp-block-column-is-layout-flow\">\n<p>N\u00famero de clientes por tipo de certificado<\/p>\n<\/div>\n\n\n\n<div class=\"wp-block-column is-layout-flow wp-block-column-is-layout-flow\">\n<figure class=\"wp-block-image size-large\"><img loading=\"lazy\" decoding=\"async\" width=\"499\" height=\"286\" src=\"http:\/\/www.crmcentrosmedicos.es\/wp-content\/uploads\/2020\/04\/clientes-certificado.png\" alt=\"\" class=\"wp-image-75\" srcset=\"https:\/\/www.crmcentrosmedicos.es\/wp-content\/uploads\/2020\/04\/clientes-certificado.png 499w, https:\/\/www.crmcentrosmedicos.es\/wp-content\/uploads\/2020\/04\/clientes-certificado-300x172.png 300w\" sizes=\"auto, (max-width: 499px) 100vw, 499px\" \/><\/figure>\n<\/div>\n<\/div>\n\n\n\n<div class=\"wp-block-columns is-layout-flex wp-container-core-columns-is-layout-9d6595d7 wp-block-columns-is-layout-flex\">\n<div class=\"wp-block-column is-layout-flow wp-block-column-is-layout-flow\">\n<p>Clientes por edad<\/p>\n<\/div>\n\n\n\n<div class=\"wp-block-column is-layout-flow wp-block-column-is-layout-flow\">\n<figure class=\"wp-block-image size-large\"><img loading=\"lazy\" decoding=\"async\" width=\"510\" height=\"280\" src=\"http:\/\/www.crmcentrosmedicos.es\/wp-content\/uploads\/2020\/04\/clientes-edad.png\" alt=\"\" class=\"wp-image-76\" srcset=\"https:\/\/www.crmcentrosmedicos.es\/wp-content\/uploads\/2020\/04\/clientes-edad.png 510w, https:\/\/www.crmcentrosmedicos.es\/wp-content\/uploads\/2020\/04\/clientes-edad-300x165.png 300w\" sizes=\"auto, (max-width: 510px) 100vw, 510px\" \/><\/figure>\n<\/div>\n<\/div>\n\n\n\n<div class=\"wp-block-columns is-layout-flex wp-container-core-columns-is-layout-9d6595d7 wp-block-columns-is-layout-flex\">\n<div class=\"wp-block-column is-layout-flow wp-block-column-is-layout-flow\">\n<p>Clientes perdidos por edad<\/p>\n<\/div>\n\n\n\n<div class=\"wp-block-column is-layout-flow wp-block-column-is-layout-flow\">\n<figure class=\"wp-block-image size-large\"><img loading=\"lazy\" decoding=\"async\" width=\"507\" height=\"278\" src=\"http:\/\/www.crmcentrosmedicos.es\/wp-content\/uploads\/2020\/04\/clientesperdidos-edad.png\" alt=\"\" class=\"wp-image-77\" srcset=\"https:\/\/www.crmcentrosmedicos.es\/wp-content\/uploads\/2020\/04\/clientesperdidos-edad.png 507w, https:\/\/www.crmcentrosmedicos.es\/wp-content\/uploads\/2020\/04\/clientesperdidos-edad-300x164.png 300w\" sizes=\"auto, (max-width: 507px) 100vw, 507px\" \/><\/figure>\n<\/div>\n<\/div>\n\n\n\n<div class=\"wp-block-columns is-layout-flex wp-container-core-columns-is-layout-9d6595d7 wp-block-columns-is-layout-flex\">\n<div class=\"wp-block-column is-layout-flow wp-block-column-is-layout-flow\">\n<p>Aumento \/ Reducci\u00f3n de su base de clientes ( Clientes \u00fanicos no perdidos )<\/p>\n<\/div>\n\n\n\n<div class=\"wp-block-column is-layout-flow wp-block-column-is-layout-flow\">\n<figure class=\"wp-block-image size-large\"><img loading=\"lazy\" decoding=\"async\" width=\"738\" height=\"221\" src=\"http:\/\/www.crmcentrosmedicos.es\/wp-content\/uploads\/2020\/04\/baseclientes.png\" alt=\"\" class=\"wp-image-79\" srcset=\"https:\/\/www.crmcentrosmedicos.es\/wp-content\/uploads\/2020\/04\/baseclientes.png 738w, https:\/\/www.crmcentrosmedicos.es\/wp-content\/uploads\/2020\/04\/baseclientes-300x90.png 300w\" sizes=\"auto, (max-width: 738px) 100vw, 738px\" \/><\/figure>\n<\/div>\n<\/div>\n\n\n\n<p>CENTROLYZER le permite as\u00ed responder a preguntas como:<\/p>\n\n\n\n<ul class=\"wp-block-list\"><li>Tengo una buena captaci\u00f3n de clientes?<\/li><li>Tengo una buena retenci\u00f3n de clientes?<\/li><li>Tengo un numero de clientes suficiente?<\/li><li>Tengo que aumentar el esfuerzo en la captaci\u00f3n de expediciones o bien en la captaci\u00f3n de renovaciones?<\/li><li>Tengo una buena fidelizaci\u00f3n de clientes?<\/li><li>Hay que aumentar los esfuerzos para la fidelizaci\u00f3n de clientes en un determinado periodo?<\/li><li>Contacto a los clientes con la suficiente antelaci\u00f3n?<\/li><li>Cual es la demanda de cada tipo de permiso?<\/li><li>He perdido clientes debido a su edad?<\/li><li>Esta creciendo mi centro? <\/li><li>Crece lo suficiente? <\/li><\/ul>\n","protected":false},"excerpt":{"rendered":"<p>CENTROLYZER le permite extraer toda la informaci\u00f3n relevante de su base de datos y obtener un an\u00e1lisis detallado de su centro tanto del a\u00f1o en curso como de los 5 anteriores, poniendo a su disposici\u00f3n una informaci\u00f3n muy valiosa que le ayudar\u00e1 en la toma de decisiones operativas, t\u00e1cticas y estrat\u00e9gicas de su centro de &hellip; <\/p>\n<p class=\"link-more\"><a href=\"https:\/\/www.crmcentrosmedicos.es\/index.php\/analisis-del-centro\/\" class=\"more-link\">Continue reading<span class=\"screen-reader-text\"> &#8220;AN\u00c1LISIS DEL CENTRO&#8221;<\/span><\/a><\/p>\n","protected":false},"author":1,"featured_media":0,"parent":0,"menu_order":0,"comment_status":"closed","ping_status":"open","template":"","meta":{"footnotes":""},"class_list":["post-38","page","type-page","status-publish","hentry"],"_links":{"self":[{"href":"https:\/\/www.crmcentrosmedicos.es\/index.php\/wp-json\/wp\/v2\/pages\/38","targetHints":{"allow":["GET"]}}],"collection":[{"href":"https:\/\/www.crmcentrosmedicos.es\/index.php\/wp-json\/wp\/v2\/pages"}],"about":[{"href":"https:\/\/www.crmcentrosmedicos.es\/index.php\/wp-json\/wp\/v2\/types\/page"}],"author":[{"embeddable":true,"href":"https:\/\/www.crmcentrosmedicos.es\/index.php\/wp-json\/wp\/v2\/users\/1"}],"replies":[{"embeddable":true,"href":"https:\/\/www.crmcentrosmedicos.es\/index.php\/wp-json\/wp\/v2\/comments?post=38"}],"version-history":[{"count":6,"href":"https:\/\/www.crmcentrosmedicos.es\/index.php\/wp-json\/wp\/v2\/pages\/38\/revisions"}],"predecessor-version":[{"id":87,"href":"https:\/\/www.crmcentrosmedicos.es\/index.php\/wp-json\/wp\/v2\/pages\/38\/revisions\/87"}],"wp:attachment":[{"href":"https:\/\/www.crmcentrosmedicos.es\/index.php\/wp-json\/wp\/v2\/media?parent=38"}],"curies":[{"name":"wp","href":"https:\/\/api.w.org\/{rel}","templated":true}]}}