{"id":146,"date":"2024-10-15T15:13:52","date_gmt":"2024-10-15T15:13:52","guid":{"rendered":"https:\/\/www.crmcentrosmedicos.es\/?page_id=146"},"modified":"2024-10-15T15:13:52","modified_gmt":"2024-10-15T15:13:52","slug":"centro-sin-papeles","status":"publish","type":"page","link":"https:\/\/www.crmcentrosmedicos.es\/index.php\/centro-sin-papeles\/","title":{"rendered":"CENTRO SIN PAPELES"},"content":{"rendered":"\n<p>Centrolyzer digitaliza muchos procesos  en el Centro de Reconocimento de Conductores, permitiendo as\u00ed agilizar muchos procesos del mismo que permiten, entre otras cosas, reducir el consumo de papel y agilizar muchos procesos evitando que el cliente tenga que volver al Centro. Algunos de estos procesos son:<\/p>\n\n\n\n<p><strong>CONSENTIMIENTO DIGITAL INFORMADO:<\/strong><\/p>\n\n\n\n<p>Al responder las preguntas del consentimiento informado de forma digital, podemos obtener el consentimiento explicito del cliente no s\u00f3lo para la realizaci\u00f3n de la revisi\u00f3n m\u00e9dica, sino para aquello que el centro considere m\u00e1s oportuno como puede ser la reclamaci\u00f3n de un carnet no recibido a tr\u00e1fico.<\/p>\n\n\n\n<p>Al firmar digitalmente, el consentimiento queda guardado con la firma del cliente y firmado digitalmente con la firma digital del director del centro, no teniendo que imprimir el consentimiento en papel y teni\u00e9ndolo que guardar impreso durante 10 a\u00f1os, ahorrando as\u00ed papel y espacio.<\/p>\n\n\n\n<p><strong>FIRMA DEL PRECIO PAGADO:<\/strong><\/p>\n\n\n\n<p>Si se desea, se puede hacer firmar al cliente el precio que ha pagado, para poder llevar un doble control de la caja y poder detectar una posible error o manipulaci\u00f3n no deseada de la caja por un empleado.<\/p>\n\n\n\n<p><strong>DOCUMENTOS DE CONDUCTORES<\/strong><\/p>\n\n\n\n<p>El programa es capaz de rellenar cualquier documento que pueda ayudar al centro de conductores a agilizar cualquier tramite al que el cliente nos haya autorizado, y firmarlo con la firma del cliente que ya se obtuvo con la firma del consentimiento informado. Algunos ejemplos son:<\/p>\n\n\n\n<p>1.-Tramites de Conductores de DGT<\/p>\n\n\n\n<p>2.-Duplicado del permiso de conduccion: Robo, deterioro,&#8230;<\/p>\n\n\n\n<p>3.-Autorizaci\u00f3n al Gestor Colegiado<\/p>\n\n\n\n<p>4.-Reclamaci\u00f3n del permiso no recibido<\/p>\n\n\n\n<p>etc&#8230;<\/p>\n\n\n\n<p>5.-Cualquier documento que desee<\/p>\n\n\n\n<p><\/p>\n","protected":false},"excerpt":{"rendered":"<p>Centrolyzer digitaliza muchos procesos en el Centro de Reconocimento de Conductores, permitiendo as\u00ed agilizar muchos procesos del mismo que permiten, entre otras cosas, reducir el consumo de papel y agilizar muchos procesos evitando que el cliente tenga que volver al Centro. Algunos de estos procesos son: CONSENTIMIENTO DIGITAL INFORMADO: Al responder las preguntas del consentimiento &hellip; <\/p>\n<p class=\"link-more\"><a href=\"https:\/\/www.crmcentrosmedicos.es\/index.php\/centro-sin-papeles\/\" class=\"more-link\">Continue reading<span class=\"screen-reader-text\"> &#8220;CENTRO SIN PAPELES&#8221;<\/span><\/a><\/p>\n","protected":false},"author":1,"featured_media":0,"parent":0,"menu_order":0,"comment_status":"closed","ping_status":"closed","template":"","meta":{"footnotes":""},"class_list":["post-146","page","type-page","status-publish","hentry"],"_links":{"self":[{"href":"https:\/\/www.crmcentrosmedicos.es\/index.php\/wp-json\/wp\/v2\/pages\/146","targetHints":{"allow":["GET"]}}],"collection":[{"href":"https:\/\/www.crmcentrosmedicos.es\/index.php\/wp-json\/wp\/v2\/pages"}],"about":[{"href":"https:\/\/www.crmcentrosmedicos.es\/index.php\/wp-json\/wp\/v2\/types\/page"}],"author":[{"embeddable":true,"href":"https:\/\/www.crmcentrosmedicos.es\/index.php\/wp-json\/wp\/v2\/users\/1"}],"replies":[{"embeddable":true,"href":"https:\/\/www.crmcentrosmedicos.es\/index.php\/wp-json\/wp\/v2\/comments?post=146"}],"version-history":[{"count":1,"href":"https:\/\/www.crmcentrosmedicos.es\/index.php\/wp-json\/wp\/v2\/pages\/146\/revisions"}],"predecessor-version":[{"id":147,"href":"https:\/\/www.crmcentrosmedicos.es\/index.php\/wp-json\/wp\/v2\/pages\/146\/revisions\/147"}],"wp:attachment":[{"href":"https:\/\/www.crmcentrosmedicos.es\/index.php\/wp-json\/wp\/v2\/media?parent=146"}],"curies":[{"name":"wp","href":"https:\/\/api.w.org\/{rel}","templated":true}]}}