{"id":142,"date":"2024-09-19T10:50:16","date_gmt":"2024-09-19T10:50:16","guid":{"rendered":"https:\/\/www.crmcentrosmedicos.es\/?page_id=142"},"modified":"2024-09-19T10:50:16","modified_gmt":"2024-09-19T10:50:16","slug":"politica-de-privacidad","status":"publish","type":"page","link":"https:\/\/www.crmcentrosmedicos.es\/index.php\/politica-de-privacidad\/","title":{"rendered":"Pol\u00edtica de Privacidad"},"content":{"rendered":"\n<p>El nuevo Reglamento General de Protecci\u00f3n de Datos de la Uni\u00f3n Europea (RGLOPD), trae un cambio de enfoque en materia de protecci\u00f3n de datos, muy interesante, donde se ampl\u00edan los derechos y la informaci\u00f3n sobre el tratamiento de los datos personales. <strong>Con el objetivo de seguir siendo Referente de Calidad y excelencia en el Sector<\/strong>, hemos adecuado nuestra pol\u00edtica de privacidad.<\/p>\n\n\n\n<p>Gracias por confiar en nosotros.<\/p>\n\n\n\n<p><strong>POL\u00cdTICA DE PRIVACIDAD DEL PROGRAMA CENTROLYZER<\/strong><\/p>\n\n\n\n<p><strong>RESPONSABLE DEL TRATAMIENTO DE SUS DATOS<\/strong><\/p>\n\n\n\n<p>Identidad: SDM SECURITY SL<br>C.I.F.: B56905979<br>Direcci\u00f3n: Avenida Rep\u00fablica Argentina 64,  08940, Cornell\u00e1 de Llobregat, Barcelona, Espa\u00f1a<br>Tel\u00e9fono 93 737 62 72<br>Email: <a href=\"mailto:politicaprivacidad@generalasde.com\">contacto@sdmsecurity.com<\/a><br>Contacto DPD: <a href=\"mailto:dpd@rglopd.com\">dpd@rgpd.cat<\/a><\/p>\n\n\n\n<p><strong>FINALIDADES DEL TRATAMIENTO DE SUS DATOS<\/strong><\/p>\n\n\n\n<p>Los diferentes formularios de recogida de datos que existen en Centrolyzer, se emplean para ofrecer diversos servicios personalizados, la finalidad del tratamiento de datos personales para cada uno de ellos es:<\/p>\n\n\n\n<figure class=\"wp-block-table\"><table><tbody><tr><td>FORMULARIO<\/td><td>FINALIDAD<\/td><\/tr><tr><td>Consentimiento Informado<\/td><td>Informar al cliente de su deber de no desfigurar la verdad<\/td><\/tr><tr><td>Consentimiento Informado<\/td><td>Que el cliente d\u00e9 su consentimiento para consultar sus datos mediante el sistema de verificaci\u00f3n de datos de la Administraci\u00f3n General del Estado<\/td><\/tr><tr><td>Consentimiento Informado<\/td><td>Que el cliente d\u00e9 su consentimiento para que las adaptaciones, restricciones y otras limitaciones que puedan afectar durante la conducci\u00f3n figuren en su permiso de conducci\u00f3n<\/td><\/tr><tr><td>Consentimiento Informado<\/td><td>Que el cliente d\u00e9 su consentimiento para que el centro realice el tr\u00e1mite de renovaci\u00f3n del permiso de conducir, abonando la tasa correspondiente en su nombre<\/td><\/tr><tr><td>Consentimiento Informado<\/td><td>Que el cliente d\u00e9 su consentimiento para que el centro comunique el cambio de domicilio a los organismos del estado competentes<\/td><\/tr><tr><td>Consentimiento Informado<\/td><td>Que el cliente d\u00e9 su consentimiento para recibir recordatorio v\u00eda email, correo postal, SMS o WhatsApp de la caducidad de mi licencia para su renovaci\u00f3n.<\/td><\/tr><tr><td>Consentimiento Informado<\/td><td>Que el cliente d\u00e9 su consentimiento para realizar la reclamaci\u00f3n pertinente ante la DGT en caso de no recibir mi carnet.<\/td><\/tr><tr><td>Consentimiento Informado<\/td><td>Que el cliente autorice a comprobar el estado de mi licencia en la DGT para el recordatorio de renovaci\u00f3n de la misma.<\/td><\/tr><\/tbody><\/table><figcaption><strong>TIEMPO DE CONSERVACI\u00d3N DE LOS DATOS<\/strong><br>\u00a0<br>Los datos personales proporcionados se conservar\u00e1n mientras no se solicite su supresi\u00f3n por el interesado, o exista la relaci\u00f3n comercial, en caso de inactividad e inexistencia de relaci\u00f3n comercial, se conservar\u00e1n por un per\u00edodo m\u00e1ximo de diez a\u00f1os. En todo caso, el plazo de conservaci\u00f3n de los datos vendr\u00e1 determinado por el plazo obligatorio marcado por la normativa mercantil, contable y fiscal u otra normativa vigente que establezca de manera obligatoria un plazo de conservaci\u00f3n mayor a los anteriores.<\/figcaption><\/figure>\n\n\n\n<p><strong>LEGITIMACI\u00d3N PARA EL TRATAMIENTO DE LOS DATOS PERSONALES<\/strong><\/p>\n\n\n\n<p>La legitimaci\u00f3n para el tratamiento de los datos personales facilitados, es la ejecuci\u00f3n de un contrato o el propio inter\u00e9s<\/p>\n\n\n\n<p><strong>CESI\u00d3N DE DATOS<\/strong><\/p>\n\n\n\n<p>No se ceder\u00e1n datos a terceros, salvo a solicitud expresa del interesado u obligaci\u00f3n o permiso legal.<\/p>\n\n\n\n<p><strong>DERECHOS EN RELACI\u00d3N CON EL TRATAMIENTO DE DATOS PERSONALES<\/strong><\/p>\n\n\n\n<p>Podr\u00e1 ejercer, respecto a sus datos personales, los derechos reconocidos en la normativa de protecci\u00f3n de datos y, en particular, los siguientes derechos, acceso, rectificaci\u00f3n, supresi\u00f3n, oposici\u00f3n, limitaci\u00f3n y portabilidad de los datos personales, mediante solicitud escrita por correo postal o electr\u00f3nico, a las direcciones descritas en el apartado \u201cResponsable del Tratamiento\u201d. En todo caso, para ejercer los citados derechos y al objeto de ofrecer garant\u00edas de identificaci\u00f3n del correspondiente solicitante, deber\u00e1 acompa\u00f1ar a su solicitud copia de su Documento Nacional de Identidad.<\/p>\n\n\n\n<p>Asimismo, si considera que sus datos han sido tratados de forma inadecuada, tendr\u00e1 derecho a presentar una reclamaci\u00f3n ante la Agencia Espa\u00f1ola de Protecci\u00f3n de Datos (C\/ Jorge Juan, 6. 28001 \u2013 Madrid www.agpd.es )<\/p>\n","protected":false},"excerpt":{"rendered":"<p>El nuevo Reglamento General de Protecci\u00f3n de Datos de la Uni\u00f3n Europea (RGLOPD), trae un cambio de enfoque en materia de protecci\u00f3n de datos, muy interesante, donde se ampl\u00edan los derechos y la informaci\u00f3n sobre el tratamiento de los datos personales. Con el objetivo de seguir siendo Referente de Calidad y excelencia en el Sector, &hellip; <\/p>\n<p class=\"link-more\"><a href=\"https:\/\/www.crmcentrosmedicos.es\/index.php\/politica-de-privacidad\/\" class=\"more-link\">Continue reading<span class=\"screen-reader-text\"> &#8220;Pol\u00edtica de Privacidad&#8221;<\/span><\/a><\/p>\n","protected":false},"author":1,"featured_media":0,"parent":0,"menu_order":0,"comment_status":"closed","ping_status":"closed","template":"","meta":{"footnotes":""},"class_list":["post-142","page","type-page","status-publish","hentry"],"_links":{"self":[{"href":"https:\/\/www.crmcentrosmedicos.es\/index.php\/wp-json\/wp\/v2\/pages\/142","targetHints":{"allow":["GET"]}}],"collection":[{"href":"https:\/\/www.crmcentrosmedicos.es\/index.php\/wp-json\/wp\/v2\/pages"}],"about":[{"href":"https:\/\/www.crmcentrosmedicos.es\/index.php\/wp-json\/wp\/v2\/types\/page"}],"author":[{"embeddable":true,"href":"https:\/\/www.crmcentrosmedicos.es\/index.php\/wp-json\/wp\/v2\/users\/1"}],"replies":[{"embeddable":true,"href":"https:\/\/www.crmcentrosmedicos.es\/index.php\/wp-json\/wp\/v2\/comments?post=142"}],"version-history":[{"count":1,"href":"https:\/\/www.crmcentrosmedicos.es\/index.php\/wp-json\/wp\/v2\/pages\/142\/revisions"}],"predecessor-version":[{"id":143,"href":"https:\/\/www.crmcentrosmedicos.es\/index.php\/wp-json\/wp\/v2\/pages\/142\/revisions\/143"}],"wp:attachment":[{"href":"https:\/\/www.crmcentrosmedicos.es\/index.php\/wp-json\/wp\/v2\/media?parent=142"}],"curies":[{"name":"wp","href":"https:\/\/api.w.org\/{rel}","templated":true}]}}